{"id":1089,"date":"2022-03-29T14:49:19","date_gmt":"2022-03-29T12:49:19","guid":{"rendered":"https:\/\/www.support.agfaphoto-gtc.com\/aide-sav\/"},"modified":"2023-01-23T15:52:25","modified_gmt":"2023-01-23T14:52:25","slug":"aide-sav","status":"publish","type":"page","link":"https:\/\/www.support.agfaphoto-gtc.com\/de\/aide-sav\/","title":{"rendered":"Hilfe \/ Service"},"content":{"rendered":"\t\t<div data-elementor-type=\"wp-page\" data-elementor-id=\"1089\" class=\"elementor elementor-1089 elementor-199\">\n\t\t\t\t\t\t\t\t\t<section class=\"has_eae_slider elementor-section elementor-top-section elementor-element elementor-element-1ec60e4 elementor-section-boxed elementor-section-height-default elementor-section-height-default\" data-id=\"1ec60e4\" data-element_type=\"section\" data-settings=\"{&quot;background_background&quot;:&quot;classic&quot;}\">\n\t\t\t\t\t\t<div class=\"elementor-container elementor-column-gap-default\">\n\t\t\t\t\t<div class=\"has_eae_slider elementor-column elementor-col-100 elementor-top-column elementor-element elementor-element-ac02f8f\" data-id=\"ac02f8f\" data-element_type=\"column\">\n\t\t\t<div class=\"elementor-widget-wrap elementor-element-populated\">\n\t\t\t\t\t\t\t\t<div class=\"elementor-element elementor-element-bed4de1 elementor-widget elementor-widget-text-editor\" data-id=\"bed4de1\" data-element_type=\"widget\" data-widget_type=\"text-editor.default\">\n\t\t\t\t<div class=\"elementor-widget-container\">\n\t\t\t<style>\/*! elementor - v3.8.0 - 30-10-2022 *\/\n.elementor-widget-text-editor.elementor-drop-cap-view-stacked .elementor-drop-cap{background-color:#818a91;color:#fff}.elementor-widget-text-editor.elementor-drop-cap-view-framed .elementor-drop-cap{color:#818a91;border:3px solid;background-color:transparent}.elementor-widget-text-editor:not(.elementor-drop-cap-view-default) .elementor-drop-cap{margin-top:8px}.elementor-widget-text-editor:not(.elementor-drop-cap-view-default) .elementor-drop-cap-letter{width:1em;height:1em}.elementor-widget-text-editor .elementor-drop-cap{float:left;text-align:center;line-height:1;font-size:50px}.elementor-widget-text-editor .elementor-drop-cap-letter{display:inline-block}<\/style>\t\t\t\t<p><a href=\"\/de\/\">Hilfe \u00bb Handb\u00fccher<\/a> \u00bb Hilfe und Kundendienst<\/p>\t\t\t\t\t\t<\/div>\n\t\t\t\t<\/div>\n\t\t\t\t<div class=\"elementor-element elementor-element-44a3f6a elementor-widget elementor-widget-heading\" data-id=\"44a3f6a\" data-element_type=\"widget\" data-widget_type=\"heading.default\">\n\t\t\t\t<div class=\"elementor-widget-container\">\n\t\t\t<style>\/*! elementor - v3.8.0 - 30-10-2022 *\/\n.elementor-heading-title{padding:0;margin:0;line-height:1}.elementor-widget-heading .elementor-heading-title[class*=elementor-size-]>a{color:inherit;font-size:inherit;line-height:inherit}.elementor-widget-heading .elementor-heading-title.elementor-size-small{font-size:15px}.elementor-widget-heading .elementor-heading-title.elementor-size-medium{font-size:19px}.elementor-widget-heading .elementor-heading-title.elementor-size-large{font-size:29px}.elementor-widget-heading .elementor-heading-title.elementor-size-xl{font-size:39px}.elementor-widget-heading .elementor-heading-title.elementor-size-xxl{font-size:59px}<\/style><h1 class=\"elementor-heading-title elementor-size-default\">Hilfe und Kundendienst<\/h1>\t\t<\/div>\n\t\t\t\t<\/div>\n\t\t\t\t\t<\/div>\n\t\t<\/div>\n\t\t\t\t\t\t\t<\/div>\n\t\t<\/section>\n\t\t\t\t<section class=\"has_eae_slider elementor-section elementor-top-section elementor-element elementor-element-630f634 elementor-section-boxed elementor-section-height-default elementor-section-height-default\" data-id=\"630f634\" data-element_type=\"section\">\n\t\t\t\t\t\t<div class=\"elementor-container elementor-column-gap-default\">\n\t\t\t\t\t<div class=\"has_eae_slider elementor-column elementor-col-100 elementor-top-column elementor-element elementor-element-453016f\" data-id=\"453016f\" data-element_type=\"column\">\n\t\t\t<div class=\"elementor-widget-wrap elementor-element-populated\">\n\t\t\t\t\t\t\t\t<div class=\"elementor-element elementor-element-a1c7c0c elementor-widget__width-initial elementor-widget elementor-widget-text-editor\" data-id=\"a1c7c0c\" data-element_type=\"widget\" data-widget_type=\"text-editor.default\">\n\t\t\t\t<div class=\"elementor-widget-container\">\n\t\t\t\t\t\t\t01\t\t\t\t\t\t<\/div>\n\t\t\t\t<\/div>\n\t\t\t\t<div class=\"elementor-element elementor-element-df06db0 elementor-widget__width-auto elementor-widget-mobile__width-initial elementor-widget elementor-widget-heading\" data-id=\"df06db0\" data-element_type=\"widget\" data-widget_type=\"heading.default\">\n\t\t\t\t<div class=\"elementor-widget-container\">\n\t\t\t<h2 class=\"elementor-heading-title elementor-size-default\">Brauchen Sie Hilfe<\/h2>\t\t<\/div>\n\t\t\t\t<\/div>\n\t\t\t\t<div class=\"elementor-element elementor-element-2db8c31 elementor-widget elementor-widget-text-editor\" data-id=\"2db8c31\" data-element_type=\"widget\" data-widget_type=\"text-editor.default\">\n\t\t\t\t<div class=\"elementor-widget-container\">\n\t\t\t\t\t\t\t<p>Eine Frage zu einem Produkt ? Haben Sie ein Problem bei der Benutzung Ihres Produkts ?<\/p><p>Unsere Teams stehen zu Ihren Diensten, um Ihre Fragen zu beantworten und Sie zu betreuen.<br \/>Sie k\u00f6nnen sie unter der folgenden E-Mail-Adresse <a href=\"mailto:aftersales@agfaphoto-gtc.com\">aftersales@agfaphoto-gtc.com<\/a>\u00a0<\/p>\t\t\t\t\t\t<\/div>\n\t\t\t\t<\/div>\n\t\t\t\t\t<\/div>\n\t\t<\/div>\n\t\t\t\t\t\t\t<\/div>\n\t\t<\/section>\n\t\t\t\t<section class=\"has_eae_slider elementor-section elementor-top-section elementor-element elementor-element-a9590e3 elementor-section-boxed elementor-section-height-default elementor-section-height-default\" data-id=\"a9590e3\" data-element_type=\"section\">\n\t\t\t\t\t\t<div class=\"elementor-container elementor-column-gap-default\">\n\t\t\t\t\t<div class=\"has_eae_slider elementor-column elementor-col-100 elementor-top-column elementor-element elementor-element-4ae1172\" data-id=\"4ae1172\" data-element_type=\"column\">\n\t\t\t<div class=\"elementor-widget-wrap elementor-element-populated\">\n\t\t\t\t\t\t\t\t<div class=\"elementor-element elementor-element-7c47333 elementor-widget__width-initial elementor-widget elementor-widget-text-editor\" data-id=\"7c47333\" data-element_type=\"widget\" data-widget_type=\"text-editor.default\">\n\t\t\t\t<div class=\"elementor-widget-container\">\n\t\t\t\t\t\t\t02\t\t\t\t\t\t<\/div>\n\t\t\t\t<\/div>\n\t\t\t\t<div class=\"elementor-element elementor-element-ebf9efb elementor-widget__width-auto elementor-widget-mobile__width-initial elementor-widget elementor-widget-heading\" data-id=\"ebf9efb\" data-element_type=\"widget\" data-widget_type=\"heading.default\">\n\t\t\t\t<div class=\"elementor-widget-container\">\n\t\t\t<h2 class=\"elementor-heading-title elementor-size-default\">Kundendienst<\/h2>\t\t<\/div>\n\t\t\t\t<\/div>\n\t\t\t\t<div class=\"elementor-element elementor-element-47f339a elementor-widget elementor-widget-text-editor\" data-id=\"47f339a\" data-element_type=\"widget\" data-widget_type=\"text-editor.default\">\n\t\t\t\t<div class=\"elementor-widget-container\">\n\t\t\t\t\t\t\t<p>Die gesetzliche Garantie betr\u00e4gt 2 Jahre ab Kaufdatum.<br \/><br \/>\u25cf <strong>Im Gesch\u00e4ft oder auf einer anderen Website gekauftes Produkt<\/strong><\/p><p>Wenden Sie sich direkt an das Gesch\u00e4ft oder kontaktieren Sie die Website, auf der Sie das Produkt gekauft haben. Der H\u00e4ndler wird Ihr fehlerhaftes Produkt zur\u00fccknehmen.<br \/><br \/>\u25cf <strong>Auf der Website www.agfaphoto-gtc.com gekauftes Produkt<\/strong><\/p><p>Klicken Sie auf den Link unten auf dieser Seite und f\u00fcllen Sie das R\u00fccksendeformular f\u00fcr den Kundendienst aus. Bitte geben Sie in diesem Fall die Produktnummer und das Kaufdatum an, legen Sie eine Kopie des Kaufbelegs bei und beschreiben Sie das Problem m\u00f6glichst detailliert. Wir werden Ihnen einen R\u00fccksendeschein schicken, damit Sie das betroffene Produkt an uns zur\u00fcckschicken k\u00f6nnen.<\/p>\t\t\t\t\t\t<\/div>\n\t\t\t\t<\/div>\n\t\t\t\t\t<\/div>\n\t\t<\/div>\n\t\t\t\t\t\t\t<\/div>\n\t\t<\/section>\n\t\t\t\t<section class=\"has_eae_slider elementor-section elementor-top-section elementor-element elementor-element-da9164f elementor-section-boxed elementor-section-height-default elementor-section-height-default\" data-id=\"da9164f\" data-element_type=\"section\">\n\t\t\t\t\t\t<div class=\"elementor-container elementor-column-gap-default\">\n\t\t\t\t\t<div class=\"has_eae_slider elementor-column elementor-col-100 elementor-top-column elementor-element elementor-element-c316d2d\" data-id=\"c316d2d\" data-element_type=\"column\">\n\t\t\t<div class=\"elementor-widget-wrap elementor-element-populated\">\n\t\t\t\t\t\t\t\t<div class=\"elementor-element elementor-element-3159225 elementor-align-center elementor-widget elementor-widget-button\" data-id=\"3159225\" data-element_type=\"widget\" data-widget_type=\"button.default\">\n\t\t\t\t<div class=\"elementor-widget-container\">\n\t\t\t\t\t<div class=\"elementor-button-wrapper\">\n\t\t\t<a href=\"#\" class=\"elementor-button-link elementor-button elementor-size-sm\" role=\"button\">\n\t\t\t\t\t\t<span class=\"elementor-button-content-wrapper\">\n\t\t\t\t\t\t<span class=\"elementor-button-text\">Wenden Sie sich an den Kundendienst<\/span>\n\t\t<\/span>\n\t\t\t\t\t<\/a>\n\t\t<\/div>\n\t\t\t\t<\/div>\n\t\t\t\t<\/div>\n\t\t\t\t\t<\/div>\n\t\t<\/div>\n\t\t\t\t\t\t\t<\/div>\n\t\t<\/section>\n\t\t\t\t\t\t\t<\/div>\n\t\t","protected":false},"excerpt":{"rendered":"<p>Hilfe \u00bb Handb\u00fccher \u00bb Hilfe und Kundendienst Hilfe und Kundendienst 01 Brauchen Sie Hilfe Eine Frage zu einem Produkt ? Haben Sie ein Problem bei der Benutzung Ihres Produkts ? Unsere Teams stehen zu Ihren Diensten, um Ihre Fragen zu beantworten und Sie zu betreuen.Sie k\u00f6nnen sie unter der folgenden E-Mail-Adresse aftersales@agfaphoto-gtc.com\u00a0 02 Kundendienst Die [&hellip;]<\/p>\n","protected":false},"author":2,"featured_media":0,"parent":0,"menu_order":0,"comment_status":"closed","ping_status":"closed","template":"","meta":{"inline_featured_image":false,"footnotes":""},"class_list":["post-1089","page","type-page","status-publish","hentry"],"acf":[],"_links":{"self":[{"href":"https:\/\/www.support.agfaphoto-gtc.com\/de\/wp-json\/wp\/v2\/pages\/1089","targetHints":{"allow":["GET"]}}],"collection":[{"href":"https:\/\/www.support.agfaphoto-gtc.com\/de\/wp-json\/wp\/v2\/pages"}],"about":[{"href":"https:\/\/www.support.agfaphoto-gtc.com\/de\/wp-json\/wp\/v2\/types\/page"}],"author":[{"embeddable":true,"href":"https:\/\/www.support.agfaphoto-gtc.com\/de\/wp-json\/wp\/v2\/users\/2"}],"replies":[{"embeddable":true,"href":"https:\/\/www.support.agfaphoto-gtc.com\/de\/wp-json\/wp\/v2\/comments?post=1089"}],"version-history":[{"count":14,"href":"https:\/\/www.support.agfaphoto-gtc.com\/de\/wp-json\/wp\/v2\/pages\/1089\/revisions"}],"predecessor-version":[{"id":1546,"href":"https:\/\/www.support.agfaphoto-gtc.com\/de\/wp-json\/wp\/v2\/pages\/1089\/revisions\/1546"}],"wp:attachment":[{"href":"https:\/\/www.support.agfaphoto-gtc.com\/de\/wp-json\/wp\/v2\/media?parent=1089"}],"curies":[{"name":"wp","href":"https:\/\/api.w.org\/{rel}","templated":true}]}}