{"id":1087,"date":"2022-03-28T10:59:58","date_gmt":"2022-03-28T08:59:58","guid":{"rendered":"https:\/\/www.support.agfaphoto-gtc.com\/manuels-dutilisation-et-notices\/"},"modified":"2024-11-04T14:14:49","modified_gmt":"2024-11-04T13:14:49","slug":"manuels-dutilisation-et-notices","status":"publish","type":"page","link":"https:\/\/www.support.agfaphoto-gtc.com\/de\/","title":{"rendered":"Handb\u00fccher und Konformit\u00e4tserkl\u00e4rungen"},"content":{"rendered":"\t\t<div data-elementor-type=\"wp-page\" data-elementor-id=\"1087\" class=\"elementor elementor-1087 elementor-5\">\n\t\t\t\t\t\t\t\t\t<section class=\"has_eae_slider elementor-section elementor-top-section elementor-element elementor-element-bb9282c elementor-section-boxed elementor-section-height-default elementor-section-height-default\" data-id=\"bb9282c\" data-element_type=\"section\" data-settings=\"{&quot;background_background&quot;:&quot;classic&quot;}\">\n\t\t\t\t\t\t<div class=\"elementor-container elementor-column-gap-default\">\n\t\t\t\t\t<div class=\"has_eae_slider elementor-column elementor-col-100 elementor-top-column elementor-element elementor-element-7d4f061\" data-id=\"7d4f061\" data-element_type=\"column\">\n\t\t\t<div class=\"elementor-widget-wrap elementor-element-populated\">\n\t\t\t\t\t\t\t\t<div class=\"elementor-element elementor-element-14825ab elementor-widget elementor-widget-text-editor\" data-id=\"14825ab\" data-element_type=\"widget\" data-widget_type=\"text-editor.default\">\n\t\t\t\t<div class=\"elementor-widget-container\">\n\t\t\t<style>\/*! elementor - v3.8.0 - 30-10-2022 *\/\n.elementor-widget-text-editor.elementor-drop-cap-view-stacked .elementor-drop-cap{background-color:#818a91;color:#fff}.elementor-widget-text-editor.elementor-drop-cap-view-framed .elementor-drop-cap{color:#818a91;border:3px solid;background-color:transparent}.elementor-widget-text-editor:not(.elementor-drop-cap-view-default) .elementor-drop-cap{margin-top:8px}.elementor-widget-text-editor:not(.elementor-drop-cap-view-default) .elementor-drop-cap-letter{width:1em;height:1em}.elementor-widget-text-editor .elementor-drop-cap{float:left;text-align:center;line-height:1;font-size:50px}.elementor-widget-text-editor .elementor-drop-cap-letter{display:inline-block}<\/style>\t\t\t\t<p>Hilfe \u00bb Handb\u00fccher<\/p>\t\t\t\t\t\t<\/div>\n\t\t\t\t<\/div>\n\t\t\t\t<div class=\"elementor-element elementor-element-0a232b3 elementor-widget elementor-widget-heading\" data-id=\"0a232b3\" data-element_type=\"widget\" data-widget_type=\"heading.default\">\n\t\t\t\t<div class=\"elementor-widget-container\">\n\t\t\t<style>\/*! elementor - v3.8.0 - 30-10-2022 *\/\n.elementor-heading-title{padding:0;margin:0;line-height:1}.elementor-widget-heading .elementor-heading-title[class*=elementor-size-]>a{color:inherit;font-size:inherit;line-height:inherit}.elementor-widget-heading .elementor-heading-title.elementor-size-small{font-size:15px}.elementor-widget-heading .elementor-heading-title.elementor-size-medium{font-size:19px}.elementor-widget-heading .elementor-heading-title.elementor-size-large{font-size:29px}.elementor-widget-heading .elementor-heading-title.elementor-size-xl{font-size:39px}.elementor-widget-heading .elementor-heading-title.elementor-size-xxl{font-size:59px}<\/style><h1 class=\"elementor-heading-title elementor-size-default\">Handb\u00fccher und <br>\nKonformit\u00e4tserkl\u00e4rungen<\/h1>\t\t<\/div>\n\t\t\t\t<\/div>\n\t\t\t\t\t<\/div>\n\t\t<\/div>\n\t\t\t\t\t\t\t<\/div>\n\t\t<\/section>\n\t\t\t\t<section class=\"has_eae_slider elementor-section elementor-top-section elementor-element elementor-element-ba6f002 elementor-section-boxed elementor-section-height-default elementor-section-height-default\" data-id=\"ba6f002\" data-element_type=\"section\">\n\t\t\t\t\t\t<div class=\"elementor-container elementor-column-gap-default\">\n\t\t\t\t\t<div class=\"has_eae_slider elementor-column elementor-col-100 elementor-top-column elementor-element elementor-element-fb72b7c\" data-id=\"fb72b7c\" data-element_type=\"column\">\n\t\t\t<div class=\"elementor-widget-wrap elementor-element-populated\">\n\t\t\t\t\t\t\t\t<div class=\"elementor-element elementor-element-cd883a6 elementor-widget elementor-widget-heading\" data-id=\"cd883a6\" data-element_type=\"widget\" data-widget_type=\"heading.default\">\n\t\t\t\t<div class=\"elementor-widget-container\">\n\t\t\t<h2 class=\"elementor-heading-title elementor-size-default\">W\u00e4hlen Sie eine Kategorie<\/h2>\t\t<\/div>\n\t\t\t\t<\/div>\n\t\t\t\t<div class=\"elementor-element elementor-element-636596b elementor-widget elementor-widget-shortcode\" data-id=\"636596b\" data-element_type=\"widget\" data-widget_type=\"shortcode.default\">\n\t\t\t\t<div class=\"elementor-widget-container\">\n\t\t\t\t\t<div class=\"elementor-shortcode\">\r\n\r\n\r\n\r\n<div class=\"categories-grid\">\r\n\t<a href=\"\/de\/category\/digitalkameras\" class=\"categories-grid__card\">\r\n\t\t<img decoding=\"async\" src=\"https:\/\/www.support.agfaphoto-gtc.com\/wp-content\/uploads\/2022\/03\/Appareils-Photo-Numeriques.png\" alt=\"Digitalkameras\" class=\"categories-grid__card__picto\">\r\n\t\t<div class=\"categories-grid__card__name\">\r\n\t\t\tDigitalkameras\t\t<\/div>\r\n\t<\/a>\r\n\t<a href=\"\/de\/category\/filmkameras\" class=\"categories-grid__card\">\r\n\t\t<img decoding=\"async\" src=\"https:\/\/www.support.agfaphoto-gtc.com\/wp-content\/uploads\/2022\/03\/Appareils-Photo-Argentiques.png\" alt=\"Filmkameras\" class=\"categories-grid__card__picto\">\r\n\t\t<div class=\"categories-grid__card__name\">\r\n\t\t\tFilmkameras\t\t<\/div>\r\n\t<\/a>\r\n\t<a href=\"\/de\/category\/einwegkameras\" class=\"categories-grid__card\">\r\n\t\t<img decoding=\"async\" src=\"https:\/\/www.support.agfaphoto-gtc.com\/wp-content\/uploads\/2022\/03\/Appareils-Photo-Jetables.png\" alt=\"Einwegkameras\" class=\"categories-grid__card__picto\">\r\n\t\t<div class=\"categories-grid__card__name\">\r\n\t\t\tEinwegkameras\t\t<\/div>\r\n\t<\/a>\r\n\t<a href=\"\/de\/category\/camcorder\" class=\"categories-grid__card\">\r\n\t\t<img decoding=\"async\" src=\"https:\/\/www.support.agfaphoto-gtc.com\/wp-content\/uploads\/2022\/03\/Camescopes.png\" alt=\"Camcorder\" class=\"categories-grid__card__picto\">\r\n\t\t<div class=\"categories-grid__card__name\">\r\n\t\t\tCamcorder\t\t<\/div>\r\n\t<\/a>\r\n\t<a href=\"\/de\/category\/actioncam\" class=\"categories-grid__card\">\r\n\t\t<img decoding=\"async\" src=\"https:\/\/www.support.agfaphoto-gtc.com\/wp-content\/uploads\/2022\/03\/Action-Cam.png\" alt=\"Actioncam\" class=\"categories-grid__card__picto\">\r\n\t\t<div class=\"categories-grid__card__name\">\r\n\t\t\tActioncam\t\t<\/div>\r\n\t<\/a>\r\n\t<a href=\"\/de\/category\/autokamera\" class=\"categories-grid__card\">\r\n\t\t<img decoding=\"async\" src=\"https:\/\/www.support.agfaphoto-gtc.com\/wp-content\/uploads\/2022\/03\/Dash-Cam.png\" alt=\"Autokamera\" class=\"categories-grid__card__picto\">\r\n\t\t<div class=\"categories-grid__card__name\">\r\n\t\t\tAutokamera\t\t<\/div>\r\n\t<\/a>\r\n\t<a href=\"\/de\/category\/fotodrucker\" class=\"categories-grid__card\">\r\n\t\t<img decoding=\"async\" src=\"https:\/\/www.support.agfaphoto-gtc.com\/wp-content\/uploads\/2022\/03\/Imprimantes-Photo.png\" alt=\"Fotodrucker\" class=\"categories-grid__card__picto\">\r\n\t\t<div class=\"categories-grid__card__name\">\r\n\t\t\tFotodrucker\t\t<\/div>\r\n\t<\/a>\r\n\t<a href=\"\/de\/category\/sofortbildkameras\" class=\"categories-grid__card\">\r\n\t\t<img decoding=\"async\" src=\"https:\/\/www.support.agfaphoto-gtc.com\/wp-content\/uploads\/2022\/03\/Appareils-Photo-Instantanes.png\" alt=\"Sofortbildkameras\" class=\"categories-grid__card__picto\">\r\n\t\t<div class=\"categories-grid__card__name\">\r\n\t\t\tSofortbildkameras\t\t<\/div>\r\n\t<\/a>\r\n\t<a href=\"\/de\/category\/patronen\" class=\"categories-grid__card\">\r\n\t\t<img decoding=\"async\" src=\"https:\/\/www.support.agfaphoto-gtc.com\/wp-content\/uploads\/2022\/03\/Cartouches.png\" alt=\"Patronen\" class=\"categories-grid__card__picto\">\r\n\t\t<div class=\"categories-grid__card__name\">\r\n\t\t\tPatronen\t\t<\/div>\r\n\t<\/a>\r\n\t<a href=\"\/de\/category\/digitale-bilderrahmen\" class=\"categories-grid__card\">\r\n\t\t<img decoding=\"async\" src=\"https:\/\/www.support.agfaphoto-gtc.com\/wp-content\/uploads\/2022\/03\/Cadres-Photo-Numeriques.png\" alt=\"Digitale Bilderrahmen\" class=\"categories-grid__card__picto\">\r\n\t\t<div class=\"categories-grid__card__name\">\r\n\t\t\tDigitale Bilderrahmen\t\t<\/div>\r\n\t<\/a>\r\n\t<a href=\"\/de\/category\/film-dia-scanner\" class=\"categories-grid__card\">\r\n\t\t<img decoding=\"async\" src=\"https:\/\/www.support.agfaphoto-gtc.com\/wp-content\/uploads\/2022\/03\/Scanner-Pellicules.png\" alt=\"Film-\/Dia-Scanner\" class=\"categories-grid__card__picto\">\r\n\t\t<div class=\"categories-grid__card__name\">\r\n\t\t\tFilm-\/Dia-Scanner\t\t<\/div>\r\n\t<\/a>\r\n\t<a href=\"\/de\/category\/vloggen\" class=\"categories-grid__card\">\r\n\t\t<img decoding=\"async\" src=\"https:\/\/www.support.agfaphoto-gtc.com\/wp-content\/uploads\/2022\/03\/Vlogging.png\" alt=\"Vloggen\" class=\"categories-grid__card__picto\">\r\n\t\t<div class=\"categories-grid__card__name\">\r\n\t\t\tVloggen\t\t<\/div>\r\n\t<\/a>\r\n\t<a href=\"\/de\/category\/kind\" class=\"categories-grid__card\">\r\n\t\t<img decoding=\"async\" src=\"https:\/\/www.support.agfaphoto-gtc.com\/wp-content\/uploads\/2022\/03\/Enfants.png\" alt=\"Kind\" class=\"categories-grid__card__picto\">\r\n\t\t<div class=\"categories-grid__card__name\">\r\n\t\t\tKind\t\t<\/div>\r\n\t<\/a>\r\n<\/div>\r\n\r\n\r\n<\/div>\n\t\t\t\t<\/div>\n\t\t\t\t<\/div>\n\t\t\t\t\t<\/div>\n\t\t<\/div>\n\t\t\t\t\t\t\t<\/div>\n\t\t<\/section>\n\t\t\t\t<section class=\"has_eae_slider elementor-section elementor-top-section elementor-element elementor-element-0bda910 elementor-section-full_width elementor-section-height-default elementor-section-height-default\" data-id=\"0bda910\" data-element_type=\"section\">\n\t\t\t\t\t\t<div class=\"elementor-container elementor-column-gap-default\">\n\t\t\t\t\t<div class=\"has_eae_slider elementor-column elementor-col-100 elementor-top-column elementor-element elementor-element-3af3dd2\" data-id=\"3af3dd2\" data-element_type=\"column\">\n\t\t\t<div class=\"elementor-widget-wrap elementor-element-populated\">\n\t\t\t\t\t\t\t\t<div class=\"elementor-element elementor-element-65cf28a elementor-widget elementor-widget-template\" data-id=\"65cf28a\" data-element_type=\"widget\" data-widget_type=\"template.default\">\n\t\t\t\t<div class=\"elementor-widget-container\">\n\t\t\t\t\t<div class=\"elementor-template\">\n\t\t\t\t\t<div data-elementor-type=\"section\" data-elementor-id=\"1160\" class=\"elementor elementor-1160 elementor-182\">\n\t\t\t\t\t\t\t\t<section class=\"has_eae_slider elementor-section elementor-top-section elementor-element elementor-element-0807fff elementor-section-boxed elementor-section-height-default elementor-section-height-default\" data-id=\"0807fff\" data-element_type=\"section\">\n\t\t\t\t\t\t<div class=\"elementor-container elementor-column-gap-default\">\n\t\t\t\t\t<div class=\"has_eae_slider elementor-column elementor-col-50 elementor-top-column elementor-element elementor-element-34f6dc0\" data-id=\"34f6dc0\" data-element_type=\"column\">\n\t\t\t<div class=\"elementor-widget-wrap\">\n\t\t\t\t\t\t\t\t\t<\/div>\n\t\t<\/div>\n\t\t\t\t<div class=\"has_eae_slider elementor-column elementor-col-50 elementor-top-column elementor-element elementor-element-f85c13d\" data-id=\"f85c13d\" data-element_type=\"column\">\n\t\t\t<div class=\"elementor-widget-wrap\">\n\t\t\t\t\t\t\t\t\t<\/div>\n\t\t<\/div>\n\t\t\t\t\t\t\t<\/div>\n\t\t<\/section>\n\t\t\t\t<section class=\"has_eae_slider elementor-section elementor-top-section elementor-element elementor-element-7b35ad79 elementor-hidden-mobile elementor-section-boxed elementor-section-height-default elementor-section-height-default\" data-id=\"7b35ad79\" data-element_type=\"section\">\n\t\t\t\t\t\t<div class=\"elementor-container elementor-column-gap-default\">\n\t\t\t\t\t<div class=\"has_eae_slider elementor-column elementor-col-50 elementor-top-column elementor-element elementor-element-6352e38c\" data-id=\"6352e38c\" data-element_type=\"column\">\n\t\t\t<div class=\"elementor-widget-wrap elementor-element-populated\">\n\t\t\t\t\t\t\t\t<section data-wts-url=\"https:\/\/www.support.agfaphoto-gtc.com\/aide-sav\/\" data-wts-link=\"yes\" data-wts-new-window=\"\" class=\"has_eae_slider elementor-section elementor-inner-section elementor-element elementor-element-1a1d7c6 elementor-section-full_width blocSoucis ae-link-yes elementor-section-height-default elementor-section-height-default\" data-id=\"1a1d7c6\" data-element_type=\"section\" data-settings=\"{&quot;background_background&quot;:&quot;classic&quot;}\">\n\t\t\t\t\t\t<div class=\"elementor-container elementor-column-gap-default\">\n\t\t\t\t\t<div class=\"has_eae_slider elementor-column elementor-col-50 elementor-inner-column elementor-element elementor-element-452b5ec0\" data-id=\"452b5ec0\" data-element_type=\"column\">\n\t\t\t<div class=\"elementor-widget-wrap elementor-element-populated\">\n\t\t\t\t\t\t\t\t<div class=\"elementor-element elementor-element-52ab0b44 elementor-widget elementor-widget-image\" data-id=\"52ab0b44\" data-element_type=\"widget\" data-widget_type=\"image.default\">\n\t\t\t\t<div class=\"elementor-widget-container\">\n\t\t\t<style>\/*! elementor - v3.8.0 - 30-10-2022 *\/\n.elementor-widget-image{text-align:center}.elementor-widget-image a{display:inline-block}.elementor-widget-image a img[src$=\".svg\"]{width:48px}.elementor-widget-image img{vertical-align:middle;display:inline-block}<\/style>\t\t\t\t\t\t\t\t\t\t\t\t<img loading=\"lazy\" decoding=\"async\" width=\"210\" height=\"175\" src=\"https:\/\/www.support.agfaphoto-gtc.com\/wp-content\/uploads\/2022\/03\/Rectangle-26.jpg\" class=\"attachment-large size-large\" alt=\"\" \/>\t\t\t\t\t\t\t\t\t\t\t\t\t\t\t<\/div>\n\t\t\t\t<\/div>\n\t\t\t\t\t<\/div>\n\t\t<\/div>\n\t\t\t\t<div class=\"has_eae_slider elementor-column elementor-col-50 elementor-inner-column elementor-element elementor-element-16758e5b\" data-id=\"16758e5b\" data-element_type=\"column\">\n\t\t\t<div class=\"elementor-widget-wrap elementor-element-populated\">\n\t\t\t\t\t\t\t\t<div class=\"elementor-element elementor-element-1b6dcbf2 elementor-widget elementor-widget-heading\" data-id=\"1b6dcbf2\" data-element_type=\"widget\" data-widget_type=\"heading.default\">\n\t\t\t\t<div class=\"elementor-widget-container\">\n\t\t\t<h2 class=\"elementor-heading-title elementor-size-default\">Ein Problem mit Ihrem Kauf?<\/h2>\t\t<\/div>\n\t\t\t\t<\/div>\n\t\t\t\t<div class=\"elementor-element elementor-element-193b0250 elementor-widget__width-auto bloc-arrow elementor-widget elementor-widget-text-editor\" data-id=\"193b0250\" data-element_type=\"widget\" data-widget_type=\"text-editor.default\">\n\t\t\t\t<div class=\"elementor-widget-container\">\n\t\t\t\t\t\t\t<p>Kontaktieren Sie unseren Kundendienst<\/p>\n\t\t\t\t\t\t<\/div>\n\t\t\t\t<\/div>\n\t\t\t\t\t<\/div>\n\t\t<\/div>\n\t\t\t\t\t\t\t<\/div>\n\t\t<\/section>\n\t\t\t\t<section data-wts-url=\"https:\/\/www.support.agfaphoto-gtc.com\/questions-frequentes\/\" data-wts-link=\"yes\" data-wts-new-window=\"\" class=\"has_eae_slider elementor-section elementor-inner-section elementor-element elementor-element-2213b574 elementor-section-full_width blocQuestion ae-link-yes elementor-section-height-default elementor-section-height-default\" data-id=\"2213b574\" data-element_type=\"section\" data-settings=\"{&quot;background_background&quot;:&quot;classic&quot;}\">\n\t\t\t\t\t\t<div class=\"elementor-container elementor-column-gap-default\">\n\t\t\t\t\t<div class=\"has_eae_slider elementor-column elementor-col-50 elementor-inner-column elementor-element elementor-element-2e35a38b\" data-id=\"2e35a38b\" data-element_type=\"column\">\n\t\t\t<div class=\"elementor-widget-wrap elementor-element-populated\">\n\t\t\t\t\t\t\t\t<div class=\"elementor-element elementor-element-6c1e4cbe elementor-widget elementor-widget-image\" data-id=\"6c1e4cbe\" data-element_type=\"widget\" data-widget_type=\"image.default\">\n\t\t\t\t<div class=\"elementor-widget-container\">\n\t\t\t\t\t\t\t\t\t\t\t\t\t\t\t<img loading=\"lazy\" decoding=\"async\" width=\"210\" height=\"175\" src=\"https:\/\/www.support.agfaphoto-gtc.com\/wp-content\/uploads\/2022\/03\/Group-2.jpg\" class=\"attachment-large size-large\" alt=\"\" \/>\t\t\t\t\t\t\t\t\t\t\t\t\t\t\t<\/div>\n\t\t\t\t<\/div>\n\t\t\t\t\t<\/div>\n\t\t<\/div>\n\t\t\t\t<div class=\"has_eae_slider elementor-column elementor-col-50 elementor-inner-column elementor-element elementor-element-3d4cb96a\" data-id=\"3d4cb96a\" data-element_type=\"column\">\n\t\t\t<div class=\"elementor-widget-wrap elementor-element-populated\">\n\t\t\t\t\t\t\t\t<div class=\"elementor-element elementor-element-33c73c49 elementor-widget elementor-widget-heading\" data-id=\"33c73c49\" data-element_type=\"widget\" data-widget_type=\"heading.default\">\n\t\t\t\t<div class=\"elementor-widget-container\">\n\t\t\t<h2 class=\"elementor-heading-title elementor-size-default\">Eine Frage zu einem Produkt?<\/h2>\t\t<\/div>\n\t\t\t\t<\/div>\n\t\t\t\t<div class=\"elementor-element elementor-element-9d77b04 elementor-widget__width-auto bloc-arrow elementor-widget elementor-widget-text-editor\" data-id=\"9d77b04\" data-element_type=\"widget\" data-widget_type=\"text-editor.default\">\n\t\t\t\t<div class=\"elementor-widget-container\">\n\t\t\t\t\t\t\t<p>Schauen Sie in unseren FAQs<\/p>\n\t\t\t\t\t\t<\/div>\n\t\t\t\t<\/div>\n\t\t\t\t\t<\/div>\n\t\t<\/div>\n\t\t\t\t\t\t\t<\/div>\n\t\t<\/section>\n\t\t\t\t\t<\/div>\n\t\t<\/div>\n\t\t\t\t<div class=\"has_eae_slider elementor-column elementor-col-50 elementor-top-column elementor-element elementor-element-2b7a1039\" data-id=\"2b7a1039\" data-element_type=\"column\">\n\t\t\t<div class=\"elementor-widget-wrap elementor-element-populated\">\n\t\t\t\t\t\t\t\t<div class=\"elementor-element elementor-element-3c49256b elementor-widget elementor-widget-image\" data-id=\"3c49256b\" data-element_type=\"widget\" data-widget_type=\"image.default\">\n\t\t\t\t<div class=\"elementor-widget-container\">\n\t\t\t\t\t\t\t\t\t\t\t\t\t\t\t\t<a href=\"https:\/\/www.agfaphoto-gtc.com\/de\/#blockEmailSubscription_displayFooter\" target=\"_blank\">\n\t\t\t\t\t\t\t<img loading=\"lazy\" decoding=\"async\" width=\"900\" height=\"507\" src=\"https:\/\/www.support.agfaphoto-gtc.com\/wp-content\/uploads\/2022\/03\/agfa-newsletter-de.png\" class=\"attachment-large size-large\" alt=\"\" srcset=\"https:\/\/www.support.agfaphoto-gtc.com\/wp-content\/uploads\/2022\/03\/agfa-newsletter-de.png 900w, https:\/\/www.support.agfaphoto-gtc.com\/wp-content\/uploads\/2022\/03\/agfa-newsletter-de-300x169.png 300w, https:\/\/www.support.agfaphoto-gtc.com\/wp-content\/uploads\/2022\/03\/agfa-newsletter-de-768x433.png 768w\" sizes=\"auto, (max-width: 900px) 100vw, 900px\" \/>\t\t\t\t\t\t\t\t<\/a>\n\t\t\t\t\t\t\t\t\t\t\t\t\t\t\t<\/div>\n\t\t\t\t<\/div>\n\t\t\t\t\t<\/div>\n\t\t<\/div>\n\t\t\t\t\t\t\t<\/div>\n\t\t<\/section>\n\t\t\t\t<section class=\"has_eae_slider elementor-section elementor-top-section elementor-element elementor-element-474cf16 elementor-hidden-desktop elementor-hidden-laptop elementor-hidden-tablet elementor-section-boxed elementor-section-height-default elementor-section-height-default\" data-id=\"474cf16\" data-element_type=\"section\">\n\t\t\t\t\t\t<div class=\"elementor-container elementor-column-gap-default\">\n\t\t\t\t\t<div data-wts-url=\"https:\/\/www.support.agfaphoto-gtc.com\/aide-sav\/\" data-wts-link=\"yes\" data-wts-new-window=\"\" class=\"has_eae_slider elementor-column elementor-col-33 elementor-top-column elementor-element elementor-element-388a0d4 blocSoucis ae-link-yes\" data-id=\"388a0d4\" data-element_type=\"column\" data-settings=\"{&quot;background_background&quot;:&quot;classic&quot;}\">\n\t\t\t<div class=\"elementor-widget-wrap elementor-element-populated\">\n\t\t\t\t\t\t\t\t<div class=\"elementor-element elementor-element-e2550f8 elementor-widget elementor-widget-image\" data-id=\"e2550f8\" data-element_type=\"widget\" data-widget_type=\"image.default\">\n\t\t\t\t<div class=\"elementor-widget-container\">\n\t\t\t\t\t\t\t\t\t\t\t\t\t\t\t<img loading=\"lazy\" decoding=\"async\" width=\"600\" height=\"278\" src=\"https:\/\/www.support.agfaphoto-gtc.com\/wp-content\/uploads\/2022\/03\/Rectangle-26-mob.jpg\" class=\"attachment-large size-large\" alt=\"\" srcset=\"https:\/\/www.support.agfaphoto-gtc.com\/wp-content\/uploads\/2022\/03\/Rectangle-26-mob.jpg 600w, https:\/\/www.support.agfaphoto-gtc.com\/wp-content\/uploads\/2022\/03\/Rectangle-26-mob-300x139.jpg 300w\" sizes=\"auto, (max-width: 600px) 100vw, 600px\" \/>\t\t\t\t\t\t\t\t\t\t\t\t\t\t\t<\/div>\n\t\t\t\t<\/div>\n\t\t\t\t<div class=\"elementor-element elementor-element-4cf633d elementor-widget elementor-widget-heading\" data-id=\"4cf633d\" data-element_type=\"widget\" data-widget_type=\"heading.default\">\n\t\t\t\t<div class=\"elementor-widget-container\">\n\t\t\t<h2 class=\"elementor-heading-title elementor-size-default\">Ein Problem mit<br>\nIhren Kauf?<\/h2>\t\t<\/div>\n\t\t\t\t<\/div>\n\t\t\t\t<div class=\"elementor-element elementor-element-93a9d21 elementor-widget elementor-widget-text-editor\" data-id=\"93a9d21\" data-element_type=\"widget\" data-widget_type=\"text-editor.default\">\n\t\t\t\t<div class=\"elementor-widget-container\">\n\t\t\t\t\t\t\t<p>Kontaktieren Sie unseren Kundendienst<\/p>\n\t\t\t\t\t\t<\/div>\n\t\t\t\t<\/div>\n\t\t\t\t\t<\/div>\n\t\t<\/div>\n\t\t\t\t<div data-wts-url=\"https:\/\/www.support.agfaphoto-gtc.com\/questions-frequentes\/\" data-wts-link=\"yes\" data-wts-new-window=\"\" class=\"has_eae_slider elementor-column elementor-col-33 elementor-top-column elementor-element elementor-element-92a299c blocQuestion ae-link-yes\" data-id=\"92a299c\" data-element_type=\"column\" data-settings=\"{&quot;background_background&quot;:&quot;classic&quot;}\">\n\t\t\t<div class=\"elementor-widget-wrap elementor-element-populated\">\n\t\t\t\t\t\t\t\t<div class=\"elementor-element elementor-element-f1d31d2 elementor-widget elementor-widget-image\" data-id=\"f1d31d2\" data-element_type=\"widget\" data-widget_type=\"image.default\">\n\t\t\t\t<div class=\"elementor-widget-container\">\n\t\t\t\t\t\t\t\t\t\t\t\t\t\t\t<img loading=\"lazy\" decoding=\"async\" width=\"600\" height=\"278\" src=\"https:\/\/www.support.agfaphoto-gtc.com\/wp-content\/uploads\/2022\/03\/Group-2-mon.jpg\" class=\"attachment-large size-large\" alt=\"\" srcset=\"https:\/\/www.support.agfaphoto-gtc.com\/wp-content\/uploads\/2022\/03\/Group-2-mon.jpg 600w, https:\/\/www.support.agfaphoto-gtc.com\/wp-content\/uploads\/2022\/03\/Group-2-mon-300x139.jpg 300w\" sizes=\"auto, (max-width: 600px) 100vw, 600px\" \/>\t\t\t\t\t\t\t\t\t\t\t\t\t\t\t<\/div>\n\t\t\t\t<\/div>\n\t\t\t\t<div class=\"elementor-element elementor-element-83cccdc elementor-widget elementor-widget-heading\" data-id=\"83cccdc\" data-element_type=\"widget\" data-widget_type=\"heading.default\">\n\t\t\t\t<div class=\"elementor-widget-container\">\n\t\t\t<h2 class=\"elementor-heading-title elementor-size-default\">Eine Frage<br>\nzu einem Produkt?<\/h2>\t\t<\/div>\n\t\t\t\t<\/div>\n\t\t\t\t<div class=\"elementor-element elementor-element-6fd3763 elementor-widget elementor-widget-text-editor\" data-id=\"6fd3763\" data-element_type=\"widget\" data-widget_type=\"text-editor.default\">\n\t\t\t\t<div class=\"elementor-widget-container\">\n\t\t\t\t\t\t\t<p>Schauen Sie in unseren FAQs<\/p>\n\t\t\t\t\t\t<\/div>\n\t\t\t\t<\/div>\n\t\t\t\t\t<\/div>\n\t\t<\/div>\n\t\t\t\t<div class=\"has_eae_slider elementor-column elementor-col-33 elementor-top-column elementor-element elementor-element-3e08816\" data-id=\"3e08816\" data-element_type=\"column\">\n\t\t\t<div class=\"elementor-widget-wrap elementor-element-populated\">\n\t\t\t\t\t\t\t\t<div class=\"elementor-element elementor-element-7293e69 elementor-widget elementor-widget-image\" data-id=\"7293e69\" data-element_type=\"widget\" data-widget_type=\"image.default\">\n\t\t\t\t<div class=\"elementor-widget-container\">\n\t\t\t\t\t\t\t\t\t\t\t\t\t\t\t\t<a href=\"#\">\n\t\t\t\t\t\t\t<img loading=\"lazy\" decoding=\"async\" width=\"690\" height=\"380\" src=\"https:\/\/www.support.agfaphoto-gtc.com\/wp-content\/uploads\/2022\/03\/bg-sav.png\" class=\"attachment-large size-large\" alt=\"\" srcset=\"https:\/\/www.support.agfaphoto-gtc.com\/wp-content\/uploads\/2022\/03\/bg-sav.png 690w, https:\/\/www.support.agfaphoto-gtc.com\/wp-content\/uploads\/2022\/03\/bg-sav-300x165.png 300w\" sizes=\"auto, (max-width: 690px) 100vw, 690px\" \/>\t\t\t\t\t\t\t\t<\/a>\n\t\t\t\t\t\t\t\t\t\t\t\t\t\t\t<\/div>\n\t\t\t\t<\/div>\n\t\t\t\t\t<\/div>\n\t\t<\/div>\n\t\t\t\t\t\t\t<\/div>\n\t\t<\/section>\n\t\t\t\t<section class=\"has_eae_slider elementor-section elementor-top-section elementor-element elementor-element-d0ea9db elementor-section-boxed elementor-section-height-default elementor-section-height-default\" data-id=\"d0ea9db\" data-element_type=\"section\">\n\t\t\t\t\t\t<div class=\"elementor-container elementor-column-gap-default\">\n\t\t\t\t\t<div class=\"has_eae_slider elementor-column elementor-col-100 elementor-top-column elementor-element elementor-element-1e9f744\" data-id=\"1e9f744\" data-element_type=\"column\">\n\t\t\t<div class=\"elementor-widget-wrap elementor-element-populated\">\n\t\t\t\t\t\t\t\t<div class=\"elementor-element elementor-element-77ffa57 elementor-widget elementor-widget-html\" data-id=\"77ffa57\" data-element_type=\"widget\" data-widget_type=\"html.default\">\n\t\t\t\t<div class=\"elementor-widget-container\">\n\t\t\t<!-- script>\n    if(jQuery(\"body\").hasClass(\"elementor-editor-active\")==false){\n        jQuery(\".blocSoucis\").on(\"click\", function(){\n            window.location.pathname = \"\/aide-sav\/\"\n        })\n        jQuery(\".blocQuestion\").on(\"click\", function(){\n            window.location.pathname = \"\/questions-frequentes\/\"\n        })\n    }\n<\/script -->\t\t<\/div>\n\t\t\t\t<\/div>\n\t\t\t\t\t<\/div>\n\t\t<\/div>\n\t\t\t\t\t\t\t<\/div>\n\t\t<\/section>\n\t\t\t\t\t\t<\/div>\n\t\t\t\t<\/div>\n\t\t\t\t<\/div>\n\t\t\t\t<\/div>\n\t\t\t\t\t<\/div>\n\t\t<\/div>\n\t\t\t\t\t\t\t<\/div>\n\t\t<\/section>\n\t\t\t\t\t\t\t<\/div>\n\t\t","protected":false},"excerpt":{"rendered":"<p>Hilfe \u00bb Handb\u00fccher Handb\u00fccher und Konformit\u00e4tserkl\u00e4rungen W\u00e4hlen Sie eine Kategorie<\/p>\n","protected":false},"author":2,"featured_media":0,"parent":0,"menu_order":0,"comment_status":"closed","ping_status":"closed","template":"","meta":{"inline_featured_image":false,"footnotes":""},"class_list":["post-1087","page","type-page","status-publish","hentry"],"acf":[],"_links":{"self":[{"href":"https:\/\/www.support.agfaphoto-gtc.com\/de\/wp-json\/wp\/v2\/pages\/1087","targetHints":{"allow":["GET"]}}],"collection":[{"href":"https:\/\/www.support.agfaphoto-gtc.com\/de\/wp-json\/wp\/v2\/pages"}],"about":[{"href":"https:\/\/www.support.agfaphoto-gtc.com\/de\/wp-json\/wp\/v2\/types\/page"}],"author":[{"embeddable":true,"href":"https:\/\/www.support.agfaphoto-gtc.com\/de\/wp-json\/wp\/v2\/users\/2"}],"replies":[{"embeddable":true,"href":"https:\/\/www.support.agfaphoto-gtc.com\/de\/wp-json\/wp\/v2\/comments?post=1087"}],"version-history":[{"count":9,"href":"https:\/\/www.support.agfaphoto-gtc.com\/de\/wp-json\/wp\/v2\/pages\/1087\/revisions"}],"predecessor-version":[{"id":2047,"href":"https:\/\/www.support.agfaphoto-gtc.com\/de\/wp-json\/wp\/v2\/pages\/1087\/revisions\/2047"}],"wp:attachment":[{"href":"https:\/\/www.support.agfaphoto-gtc.com\/de\/wp-json\/wp\/v2\/media?parent=1087"}],"curies":[{"name":"wp","href":"https:\/\/api.w.org\/{rel}","templated":true}]}}